{"id":303,"date":"2023-10-30T14:11:21","date_gmt":"2023-10-30T14:11:21","guid":{"rendered":"https:\/\/pamenu.lt\/es-projektai\/"},"modified":"2023-11-04T11:21:27","modified_gmt":"2023-11-04T11:21:27","slug":"es-projects","status":"publish","type":"page","link":"https:\/\/pamenu.lt\/en\/es-projects\/","title":{"rendered":"ES projects"},"content":{"rendered":"<h1>\u201cES Projects\u201d<\/h1>\n<p><img fetchpriority=\"high\" decoding=\"async\" class=\"alignnone size-medium wp-image-228\" src=\"https:\/\/pamenu.lt\/wp-content\/uploads\/2023\/11\/kuriame-ateity-es-69fd-1-1-300x188.jpg\" alt=\"\" width=\"300\" height=\"188\" srcset=\"https:\/\/pamenu.lt\/wp-content\/uploads\/2023\/11\/kuriame-ateity-es-69fd-1-1-300x188.jpg 300w, https:\/\/pamenu.lt\/wp-content\/uploads\/2023\/11\/kuriame-ateity-es-69fd-1-1.jpg 357w\" sizes=\"(max-width: 300px) 100vw, 300px\" \/><\/p>\n<p><strong>PROJEKTAS \u201eDIZAINO SPARNAI\u201c<\/strong><\/p>\n<p>Tai nefinansin\u0117s paramos projektas, jungiantis talentus, \u017einias ir patirt\u012f kurti pasaulyje konkurencingus skaitmeniniais, inovacij\u0173 ir \u017eiedin\u0117s ekonomikos principais gr\u012fstus ateities dizaino produktus ir paslaugas.<\/p>\n<p>Projekto veiklose dalyvauja mentoriai \u2013 patyr\u0119 dizaino profesionalai, pradedantieji dizaineriai ir labai ma\u017eos, ma\u017eos ir vidutin\u0117s \u012fmon\u0117s.<br \/>\nPagrindinis siekis \u2013 pasitelkiant pandeminiu laikotarpiu nukent\u0117jus\u012f kult\u016bros ir k\u016brybini\u0173 industrij\u0173 sektori\u0173, per skaitmeniniais, inovacij\u0173 ir \u017eiedin\u0117s ekonomikos principais gr\u012fstus dizaino sprendimus didinti Lietuvos verslo kuriam\u0105 prid\u0117tin\u0119 vert\u0119, konkurencin\u012f prana\u0161um\u0105 ir socialin\u0119 atsakomyb\u0119.<\/p>\n<p>Projektas finansuojamas i\u0161 Europos regionin\u0117s pl\u0117tros fondo (kaip Europos S\u0105jungos atsako \u012f COVID-19 pandemij\u0105 priemon\u0117) pagal 2014\u20132020 m. Europos S\u0105jungos fond\u0173 investicij\u0173 veiksm\u0173 program\u0105. \u012emonei skirtos nefinansin\u0117s paramos dydis \u2013 26 285 Eur.<\/p>\n<p>Projektas \u012fgyvendinamas iki 2023 m. sausio 31 dienos.<\/p>\n","protected":false},"excerpt":{"rendered":"<p>\u201cES Projects\u201d PROJEKTAS \u201eDIZAINO SPARNAI\u201c Tai nefinansin\u0117s paramos projektas, jungiantis talentus, \u017einias ir patirt\u012f kurti pasaulyje konkurencingus skaitmeniniais, inovacij\u0173 ir \u017eiedin\u0117s ekonomikos principais gr\u012fstus ateities dizaino produktus ir paslaugas. Projekto veiklose dalyvauja mentoriai \u2013 patyr\u0119 dizaino profesionalai, pradedantieji dizaineriai ir labai ma\u017eos, ma\u017eos ir vidutin\u0117s \u012fmon\u0117s. Pagrindinis siekis \u2013 pasitelkiant pandeminiu laikotarpiu nukent\u0117jus\u012f kult\u016bros ir [&hellip;]<\/p>\n","protected":false},"author":1,"featured_media":0,"parent":0,"menu_order":0,"comment_status":"closed","ping_status":"closed","template":"templates\/text-page.php","meta":{"_acf_changed":false,"inline_featured_image":false,"footnotes":""},"class_list":["post-303","page","type-page","status-publish","hentry"],"acf":[],"yoast_head":"<!-- This site is optimized with the Yoast SEO plugin v26.7 - https:\/\/yoast.com\/wordpress\/plugins\/seo\/ -->\n<title>ES projects - Pamenu.lt<\/title>\n<meta name=\"robots\" content=\"index, follow, max-snippet:-1, max-image-preview:large, max-video-preview:-1\" \/>\n<link rel=\"canonical\" href=\"https:\/\/pamenu.lt\/en\/es-projects\/\" \/>\n<meta property=\"og:locale\" content=\"en_US\" \/>\n<meta property=\"og:type\" content=\"article\" \/>\n<meta property=\"og:title\" content=\"ES projects - Pamenu.lt\" \/>\n<meta property=\"og:description\" content=\"\u201cES Projects\u201d PROJEKTAS \u201eDIZAINO SPARNAI\u201c Tai nefinansin\u0117s paramos projektas, jungiantis talentus, \u017einias ir patirt\u012f kurti pasaulyje konkurencingus skaitmeniniais, inovacij\u0173 ir \u017eiedin\u0117s ekonomikos principais gr\u012fstus ateities dizaino produktus ir paslaugas. Projekto veiklose dalyvauja mentoriai \u2013 patyr\u0119 dizaino profesionalai, pradedantieji dizaineriai ir labai ma\u017eos, ma\u017eos ir vidutin\u0117s \u012fmon\u0117s. Pagrindinis siekis \u2013 pasitelkiant pandeminiu laikotarpiu nukent\u0117jus\u012f kult\u016bros ir [&hellip;]\" \/>\n<meta property=\"og:url\" content=\"https:\/\/pamenu.lt\/en\/es-projects\/\" \/>\n<meta property=\"og:site_name\" content=\"Pamenu.lt\" \/>\n<meta property=\"article:publisher\" content=\"https:\/\/www.facebook.com\/profile.php?id=100083084813647\" \/>\n<meta property=\"article:modified_time\" content=\"2023-11-04T11:21:27+00:00\" \/>\n<meta property=\"og:image\" content=\"https:\/\/pamenu.lt\/wp-content\/uploads\/2023\/11\/kuriame-ateity-es-69fd-1-1-300x188.jpg\" \/>\n<meta name=\"twitter:card\" content=\"summary_large_image\" \/>\n<meta name=\"twitter:label1\" content=\"Est. reading time\" \/>\n\t<meta name=\"twitter:data1\" content=\"1 minute\" \/>\n<script type=\"application\/ld+json\" class=\"yoast-schema-graph\">{\"@context\":\"https:\/\/schema.org\",\"@graph\":[{\"@type\":\"WebPage\",\"@id\":\"https:\/\/pamenu.lt\/en\/es-projects\/\",\"url\":\"https:\/\/pamenu.lt\/en\/es-projects\/\",\"name\":\"ES projects - Pamenu.lt\",\"isPartOf\":{\"@id\":\"https:\/\/pamenu.lt\/#website\"},\"primaryImageOfPage\":{\"@id\":\"https:\/\/pamenu.lt\/en\/es-projects\/#primaryimage\"},\"image\":{\"@id\":\"https:\/\/pamenu.lt\/en\/es-projects\/#primaryimage\"},\"thumbnailUrl\":\"https:\/\/pamenu.lt\/wp-content\/uploads\/2023\/11\/kuriame-ateity-es-69fd-1-1-300x188.jpg\",\"datePublished\":\"2023-10-30T14:11:21+00:00\",\"dateModified\":\"2023-11-04T11:21:27+00:00\",\"breadcrumb\":{\"@id\":\"https:\/\/pamenu.lt\/en\/es-projects\/#breadcrumb\"},\"inLanguage\":\"en-US\",\"potentialAction\":[{\"@type\":\"ReadAction\",\"target\":[\"https:\/\/pamenu.lt\/en\/es-projects\/\"]}]},{\"@type\":\"ImageObject\",\"inLanguage\":\"en-US\",\"@id\":\"https:\/\/pamenu.lt\/en\/es-projects\/#primaryimage\",\"url\":\"https:\/\/pamenu.lt\/wp-content\/uploads\/2023\/11\/kuriame-ateity-es-69fd-1-1-300x188.jpg\",\"contentUrl\":\"https:\/\/pamenu.lt\/wp-content\/uploads\/2023\/11\/kuriame-ateity-es-69fd-1-1-300x188.jpg\"},{\"@type\":\"BreadcrumbList\",\"@id\":\"https:\/\/pamenu.lt\/en\/es-projects\/#breadcrumb\",\"itemListElement\":[{\"@type\":\"ListItem\",\"position\":1,\"name\":\"Home\",\"item\":\"https:\/\/pamenu.lt\/en\/\"},{\"@type\":\"ListItem\",\"position\":2,\"name\":\"ES projects\"}]},{\"@type\":\"WebSite\",\"@id\":\"https:\/\/pamenu.lt\/#website\",\"url\":\"https:\/\/pamenu.lt\/\",\"name\":\"Pamenu.lt\",\"description\":\"\",\"publisher\":{\"@id\":\"https:\/\/pamenu.lt\/#organization\"},\"potentialAction\":[{\"@type\":\"SearchAction\",\"target\":{\"@type\":\"EntryPoint\",\"urlTemplate\":\"https:\/\/pamenu.lt\/?s={search_term_string}\"},\"query-input\":{\"@type\":\"PropertyValueSpecification\",\"valueRequired\":true,\"valueName\":\"search_term_string\"}}],\"inLanguage\":\"en-US\"},{\"@type\":\"Organization\",\"@id\":\"https:\/\/pamenu.lt\/#organization\",\"name\":\"Pamenu.lt\",\"url\":\"https:\/\/pamenu.lt\/\",\"logo\":{\"@type\":\"ImageObject\",\"inLanguage\":\"en-US\",\"@id\":\"https:\/\/pamenu.lt\/#\/schema\/logo\/image\/\",\"url\":\"https:\/\/pamenu.lt\/wp-content\/uploads\/2023\/11\/logo.svg\",\"contentUrl\":\"https:\/\/pamenu.lt\/wp-content\/uploads\/2023\/11\/logo.svg\",\"width\":75,\"height\":91,\"caption\":\"Pamenu.lt\"},\"image\":{\"@id\":\"https:\/\/pamenu.lt\/#\/schema\/logo\/image\/\"},\"sameAs\":[\"https:\/\/www.facebook.com\/profile.php?id=100083084813647\"]}]}<\/script>\n<!-- \/ Yoast SEO plugin. -->","yoast_head_json":{"title":"ES projects - Pamenu.lt","robots":{"index":"index","follow":"follow","max-snippet":"max-snippet:-1","max-image-preview":"max-image-preview:large","max-video-preview":"max-video-preview:-1"},"canonical":"https:\/\/pamenu.lt\/en\/es-projects\/","og_locale":"en_US","og_type":"article","og_title":"ES projects - Pamenu.lt","og_description":"\u201cES Projects\u201d PROJEKTAS \u201eDIZAINO SPARNAI\u201c Tai nefinansin\u0117s paramos projektas, jungiantis talentus, \u017einias ir patirt\u012f kurti pasaulyje konkurencingus skaitmeniniais, inovacij\u0173 ir \u017eiedin\u0117s ekonomikos principais gr\u012fstus ateities dizaino produktus ir paslaugas. Projekto veiklose dalyvauja mentoriai \u2013 patyr\u0119 dizaino profesionalai, pradedantieji dizaineriai ir labai ma\u017eos, ma\u017eos ir vidutin\u0117s \u012fmon\u0117s. Pagrindinis siekis \u2013 pasitelkiant pandeminiu laikotarpiu nukent\u0117jus\u012f kult\u016bros ir [&hellip;]","og_url":"https:\/\/pamenu.lt\/en\/es-projects\/","og_site_name":"Pamenu.lt","article_publisher":"https:\/\/www.facebook.com\/profile.php?id=100083084813647","article_modified_time":"2023-11-04T11:21:27+00:00","og_image":[{"url":"https:\/\/pamenu.lt\/wp-content\/uploads\/2023\/11\/kuriame-ateity-es-69fd-1-1-300x188.jpg","type":"","width":"","height":""}],"twitter_card":"summary_large_image","twitter_misc":{"Est. reading time":"1 minute"},"schema":{"@context":"https:\/\/schema.org","@graph":[{"@type":"WebPage","@id":"https:\/\/pamenu.lt\/en\/es-projects\/","url":"https:\/\/pamenu.lt\/en\/es-projects\/","name":"ES projects - Pamenu.lt","isPartOf":{"@id":"https:\/\/pamenu.lt\/#website"},"primaryImageOfPage":{"@id":"https:\/\/pamenu.lt\/en\/es-projects\/#primaryimage"},"image":{"@id":"https:\/\/pamenu.lt\/en\/es-projects\/#primaryimage"},"thumbnailUrl":"https:\/\/pamenu.lt\/wp-content\/uploads\/2023\/11\/kuriame-ateity-es-69fd-1-1-300x188.jpg","datePublished":"2023-10-30T14:11:21+00:00","dateModified":"2023-11-04T11:21:27+00:00","breadcrumb":{"@id":"https:\/\/pamenu.lt\/en\/es-projects\/#breadcrumb"},"inLanguage":"en-US","potentialAction":[{"@type":"ReadAction","target":["https:\/\/pamenu.lt\/en\/es-projects\/"]}]},{"@type":"ImageObject","inLanguage":"en-US","@id":"https:\/\/pamenu.lt\/en\/es-projects\/#primaryimage","url":"https:\/\/pamenu.lt\/wp-content\/uploads\/2023\/11\/kuriame-ateity-es-69fd-1-1-300x188.jpg","contentUrl":"https:\/\/pamenu.lt\/wp-content\/uploads\/2023\/11\/kuriame-ateity-es-69fd-1-1-300x188.jpg"},{"@type":"BreadcrumbList","@id":"https:\/\/pamenu.lt\/en\/es-projects\/#breadcrumb","itemListElement":[{"@type":"ListItem","position":1,"name":"Home","item":"https:\/\/pamenu.lt\/en\/"},{"@type":"ListItem","position":2,"name":"ES projects"}]},{"@type":"WebSite","@id":"https:\/\/pamenu.lt\/#website","url":"https:\/\/pamenu.lt\/","name":"Pamenu.lt","description":"","publisher":{"@id":"https:\/\/pamenu.lt\/#organization"},"potentialAction":[{"@type":"SearchAction","target":{"@type":"EntryPoint","urlTemplate":"https:\/\/pamenu.lt\/?s={search_term_string}"},"query-input":{"@type":"PropertyValueSpecification","valueRequired":true,"valueName":"search_term_string"}}],"inLanguage":"en-US"},{"@type":"Organization","@id":"https:\/\/pamenu.lt\/#organization","name":"Pamenu.lt","url":"https:\/\/pamenu.lt\/","logo":{"@type":"ImageObject","inLanguage":"en-US","@id":"https:\/\/pamenu.lt\/#\/schema\/logo\/image\/","url":"https:\/\/pamenu.lt\/wp-content\/uploads\/2023\/11\/logo.svg","contentUrl":"https:\/\/pamenu.lt\/wp-content\/uploads\/2023\/11\/logo.svg","width":75,"height":91,"caption":"Pamenu.lt"},"image":{"@id":"https:\/\/pamenu.lt\/#\/schema\/logo\/image\/"},"sameAs":["https:\/\/www.facebook.com\/profile.php?id=100083084813647"]}]}},"_links":{"self":[{"href":"https:\/\/pamenu.lt\/en\/wp-json\/wp\/v2\/pages\/303","targetHints":{"allow":["GET"]}}],"collection":[{"href":"https:\/\/pamenu.lt\/en\/wp-json\/wp\/v2\/pages"}],"about":[{"href":"https:\/\/pamenu.lt\/en\/wp-json\/wp\/v2\/types\/page"}],"author":[{"embeddable":true,"href":"https:\/\/pamenu.lt\/en\/wp-json\/wp\/v2\/users\/1"}],"replies":[{"embeddable":true,"href":"https:\/\/pamenu.lt\/en\/wp-json\/wp\/v2\/comments?post=303"}],"version-history":[{"count":1,"href":"https:\/\/pamenu.lt\/en\/wp-json\/wp\/v2\/pages\/303\/revisions"}],"predecessor-version":[{"id":304,"href":"https:\/\/pamenu.lt\/en\/wp-json\/wp\/v2\/pages\/303\/revisions\/304"}],"wp:attachment":[{"href":"https:\/\/pamenu.lt\/en\/wp-json\/wp\/v2\/media?parent=303"}],"curies":[{"name":"wp","href":"https:\/\/api.w.org\/{rel}","templated":true}]}}