{"id":315,"date":"2023-10-18T10:05:48","date_gmt":"2023-10-18T10:05:48","guid":{"rendered":"https:\/\/pamenu.lt\/privatumo-politika\/"},"modified":"2023-11-04T11:24:58","modified_gmt":"2023-11-04T11:24:58","slug":"privacy-policy","status":"publish","type":"page","link":"https:\/\/pamenu.lt\/en\/privacy-policy\/","title":{"rendered":"Privacy policy"},"content":{"rendered":"<h1>I. PRIVATUMO POLITIKA<\/h1>\n<p>\u0160ioje privatumo politikoje apra\u0161ome, koki\u0105 informacij\u0105 renkame ir kaip j\u0105 naudojame. Taip pat informuojame, kad \u0161ioje elektronin\u0117je svetain\u0117je pateikt\u0105 informacij\u0105 draud\u017eiama kopijuoti ar kaip nors kitaip pernaudoti savo tikslams.<br \/>\nRENKAMA INFORMACIJA<\/p>\n<p>Siekdami u\u017etikrinti kokybi\u0161k\u0105 paslaug\u0173 teikim\u0105 ir lengv\u0105 nar\u0161ym\u0105 m\u016bs\u0173 svetain\u0117je, mes galime rinkti, saugoti ir naudoti \u017eemiau nurodyt\u0173 r\u016b\u0161i\u0173 informacij\u0105:<br \/>\n1. Informacij\u0105 apie J\u016bs\u0173 kompiuter\u012f ir apie J\u016bs\u0173 apsilankymus \u0161ioje interneto svetain\u0117je bei naudojim\u0105si \u0161ia interneto svetaine (\u012fskaitant J\u016bs\u0173 IP adres\u0105, geografin\u0119 viet\u0105, nar\u0161ykl\u0117s tip\u0105, i\u0161 kur buvote nukreiptas, lankymosi trukm\u0119 ir puslapi\u0173 \u017ei\u016br\u0117jim\u0173 skai\u010di\u0173).<br \/>\n2. Informacij\u0105, kuri\u0105 J\u016bs suteikiate mums, nor\u0117dami prenumeruoti m\u016bs\u0173 interneto svetain\u0117s paslaugas, prane\u0161imus el. pa\u0161tu ir \/ arba naujienlai\u0161kius.<br \/>\n3. Informacij\u0105, kuri\u0105 paliekate vykdydami pirkim\u0105.<br \/>\n4. Informacij\u0105, kuri\u0105 paliekate kontakt\u0173 ir \/ arba kapaviet\u0117s paie\u0161kos formoje.<br \/>\n5. J\u016bs\u0173 nar\u0161ymo m\u016bs\u0173 svetain\u0117je keliai.<br \/>\n6. Bet koki\u0105 kit\u0105 informacij\u0105, kuri\u0105 J\u016bs savo pasirinkimu siun\u010diate mums.<\/p>\n<p><strong>ASMENINI\u0172 DUOMEN\u0172 NAUDOJIMAS<\/strong><br \/>\nAsmeniniai duomenys, pateikti \u0161ioje interneto svetain\u0117je, bus naudojami tikslams, nurodytiems \u0161ioje privatumo politikoje arba aktualiose \u0161ios interneto svetain\u0117s dalyse. Mes galime naudoti j\u016bs\u0173 asmenin\u0119 informacij\u0105 \u0161iems tikslams:<br \/>\n1. Skland\u017eiam pirkimo \/ gr\u0105\u017einimo procesui u\u017etikrinti.<br \/>\n2. J\u016bs\u0173 nar\u0161ymo patir\u010diai gerinti, pritaikydami \u0161i\u0105 interneto svetain\u0119 asmeniniams poreikiams.<br \/>\n3. Turint J\u016bs\u0173 sutikim\u0105, si\u0173sti Jums el. pa\u0161tu m\u016bs\u0173 naujienlai\u0161k\u012f, kuris, m\u016bs\u0173 manymu, gali b\u016bti Jums \u012fdomus (J\u016bs galite bet kada informuoti mus, jeigu nebenorite, kad naujienlai\u0161kis b\u016bt\u0173 Jums siun\u010diamas).<br \/>\n4. Tre\u010diosioms \u0161alims suteikti statistin\u0119 informacij\u0105 apie m\u016bs\u0173 vartotojus, ta\u010diau \u0161i informacija nebus naudojama jokiam atskiram vartotojui identifikuoti.<br \/>\n5. Interneto svetainei administruoti.<br \/>\nBe ai\u0161kaus J\u016bs\u0173 sutikimo mes neteiksime asmenini\u0173 duomen\u0173 jokioms tre\u010diosioms \u0161alims tiesiogin\u0117s rinkodaros tikslais.<\/p>\n<p><strong>SLAPUKAI<\/strong><br \/>\nSlapuk\u0105 sudaro informacija, tinklo tarnybin\u0117s stoties siun\u010diama interneto nar\u0161yklei ir laikoma nar\u0161ykl\u0117s. \u0160i informacija v\u0117liau siun\u010diama atgal tarnybinei sto\u010diai kaskart, kai nar\u0161ykl\u0117 papra\u0161o puslapio i\u0161 tos tarnybin\u0117s stoties. Tai leid\u017eia tai tinklo tarnybinei sto\u010diai identifikuoti ir sekti interneto nar\u0161ykl\u0119.<\/p>\n<p>Mes naudojame Google Analytics ir Hotjar, siekdami gerinti informacijos i\u0161d\u0117stym\u0105 ir naudingum\u0105, priklausomai nuo svetain\u0117s naudotoj\u0173. Google Analytics generuoja statistin\u0119 ir kit\u0105 informacij\u0105 apie naudojim\u0105si svetaine panaudodama slapukus, kurie laikomi vartotoj\u0173 kompiuteriuose.<br \/>\nHotjar renka informacij\u0105 apie j\u016bs\u0173 nar\u0161ymo svetain\u0117je kelius, paspaudimus, konversijas, \u012fra\u0161o j\u016bs\u0173 veiksm\u0173 trajektorijas. Generuojama su m\u016bs\u0173 interneto svetaine susijusi informacija yra naudojama kurti ataskaitas apie naudojim\u0105si \u0161ia interneto svetaine tam, kad gal\u0117tume pagerinti informacijos pasiekiamum\u0105. \u0160i\u0105 informacij\u0105 laikys Google ir Hotjar . Google privatumo politika<br \/>\nHotjar privatumo politika . Pas mus besireklamuojantieji arba mok\u0117jimo paslaug\u0173 teik\u0117jai irgi gali si\u0173sti Jums slapukus. Savo interneto svetain\u0117je mes galime skelbti Google Adsense interesais paremtas reklamas. Jas, kad atspind\u0117t\u0173 J\u016bs\u0173 interesus, parenka Google . Kad nustatyt\u0173 J\u016bs\u0173 interesus, Google seks J\u016bs\u0173 elges\u012f internete naudodama slapukus.<\/p>\n<p><strong>TRE\u010cI\u0172J\u0172 \u0160ALI\u0172 INTERNETO SVETAIN\u0116S<\/strong><br \/>\n\u0160ioje interneto svetain\u0117je gali b\u016bti nuorod\u0173 \u012f kitas interneto svetaines. Mes nesame atsakingi u\u017e tre\u010di\u0173j\u0173 \u0161ali\u0173 interneto svetaini\u0173 privatumo politikas ar praktikas.<\/p>\n<p><strong>PRIVATUMO POLITIKOS PAKEITIMAI<\/strong><br \/>\nMes galime retkar\u010diais atnaujinti \u0161i\u0105 privatumo politik\u0105 paskelbdami nauj\u0105 versij\u0105 savo interneto svetain\u0117je. Kartkart\u0117mis J\u016bs tur\u0117tum\u0117te per\u017ei\u016br\u0117ti \u0161\u012f puslap\u012f, kad \u012fsitikintum\u0117te, jog Jums tinka pasikeitimai.<\/p>\n<h1>II. PASLAUG\u0172 TEIKIMO TAISYKL\u0116S<\/h1>\n<p><strong>PASLAUGOS \u012eSIGIJIMAS<\/strong><br \/>\n1. M\u016bs\u0173 internetin\u0117je svetain\u0117je Paslaug\u0105 galite u\u017esakyti arba \u012fsigyti.<br \/>\n2. Pirk\u0117jas atsiskaito u\u017e paslaugas arba \/ ir prekes bankiniu pavedimu (Paysera)<br \/>\n3. Susisiekimo laikas po paslaugos u\u017esakymo \/ \u012fsigijimo: 24 val.<br \/>\n4. Susisiekimo po paslaugos \u012fsigijimo b\u016bdas: el. pa\u0161tas arba skambutis telefonu, arba kit\u0173 J\u016bs\u0173 nurodytu kontaktiniu b\u016bdu.<\/p>\n<p><strong>PASLAUGOS VYKDYMAS<\/strong><br \/>\nTikslus laikas sutariamas po paslaugos \u012fsigijimo susisiekus su Jumis.<\/p>\n<p><strong>PINIG\u0172 GR\u0104\u017dINIMO POLITIKA<\/strong><br \/>\nNepavykus atlikti paslaugos d\u0117l m\u016bs\u0173 pa\u010di\u0173 kalt\u0117s, tre\u010di\u0173j\u0173 \u0161ali\u0173 \u012ftakos arba force major atveju, taikome pinig\u0173 gr\u0105\u017einimo politik\u0105.<\/p>\n<p><strong>III. BAIGIAMOSIOS NUOSTATOS<\/strong><br \/>\nJei nar\u0161ote pamenu.lt svetain\u0119, vadinasi, J\u016bs perskait\u0117te ir sutikote su Paslaug\u0173 teikimo taisykl\u0117mis ir Privatumo politika. Kitu atveju J\u016bs neturite teis\u0117s nar\u0161yti pamenu.lt tinklalapio.<\/p>\n","protected":false},"excerpt":{"rendered":"<p>I. PRIVATUMO POLITIKA \u0160ioje privatumo politikoje apra\u0161ome, koki\u0105 informacij\u0105 renkame ir kaip j\u0105 naudojame. Taip pat informuojame, kad \u0161ioje elektronin\u0117je svetain\u0117je pateikt\u0105 informacij\u0105 draud\u017eiama kopijuoti ar kaip nors kitaip pernaudoti savo tikslams. RENKAMA INFORMACIJA Siekdami u\u017etikrinti kokybi\u0161k\u0105 paslaug\u0173 teikim\u0105 ir lengv\u0105 nar\u0161ym\u0105 m\u016bs\u0173 svetain\u0117je, mes galime rinkti, saugoti ir naudoti \u017eemiau nurodyt\u0173 r\u016b\u0161i\u0173 informacij\u0105: 1. [&hellip;]<\/p>\n","protected":false},"author":1,"featured_media":0,"parent":0,"menu_order":0,"comment_status":"closed","ping_status":"open","template":"templates\/text-page.php","meta":{"_acf_changed":false,"inline_featured_image":false,"footnotes":""},"class_list":["post-315","page","type-page","status-publish","hentry"],"acf":[],"yoast_head":"<!-- This site is optimized with the Yoast SEO plugin v26.7 - https:\/\/yoast.com\/wordpress\/plugins\/seo\/ -->\n<title>Privacy policy - Pamenu.lt<\/title>\n<meta name=\"robots\" content=\"index, follow, max-snippet:-1, max-image-preview:large, max-video-preview:-1\" \/>\n<link rel=\"canonical\" href=\"https:\/\/pamenu.lt\/en\/privacy-policy\/\" \/>\n<meta property=\"og:locale\" content=\"en_US\" \/>\n<meta property=\"og:type\" content=\"article\" \/>\n<meta property=\"og:title\" content=\"Privacy policy - Pamenu.lt\" \/>\n<meta property=\"og:description\" content=\"I. PRIVATUMO POLITIKA \u0160ioje privatumo politikoje apra\u0161ome, koki\u0105 informacij\u0105 renkame ir kaip j\u0105 naudojame. Taip pat informuojame, kad \u0161ioje elektronin\u0117je svetain\u0117je pateikt\u0105 informacij\u0105 draud\u017eiama kopijuoti ar kaip nors kitaip pernaudoti savo tikslams. RENKAMA INFORMACIJA Siekdami u\u017etikrinti kokybi\u0161k\u0105 paslaug\u0173 teikim\u0105 ir lengv\u0105 nar\u0161ym\u0105 m\u016bs\u0173 svetain\u0117je, mes galime rinkti, saugoti ir naudoti \u017eemiau nurodyt\u0173 r\u016b\u0161i\u0173 informacij\u0105: 1. [&hellip;]\" \/>\n<meta property=\"og:url\" content=\"https:\/\/pamenu.lt\/en\/privacy-policy\/\" \/>\n<meta property=\"og:site_name\" content=\"Pamenu.lt\" \/>\n<meta property=\"article:publisher\" content=\"https:\/\/www.facebook.com\/profile.php?id=100083084813647\" \/>\n<meta property=\"article:modified_time\" content=\"2023-11-04T11:24:58+00:00\" \/>\n<meta name=\"twitter:card\" content=\"summary_large_image\" \/>\n<meta name=\"twitter:label1\" content=\"Est. reading time\" \/>\n\t<meta name=\"twitter:data1\" content=\"4 minutes\" \/>\n<script type=\"application\/ld+json\" class=\"yoast-schema-graph\">{\"@context\":\"https:\/\/schema.org\",\"@graph\":[{\"@type\":\"WebPage\",\"@id\":\"https:\/\/pamenu.lt\/en\/privacy-policy\/\",\"url\":\"https:\/\/pamenu.lt\/en\/privacy-policy\/\",\"name\":\"Privacy policy - Pamenu.lt\",\"isPartOf\":{\"@id\":\"https:\/\/pamenu.lt\/#website\"},\"datePublished\":\"2023-10-18T10:05:48+00:00\",\"dateModified\":\"2023-11-04T11:24:58+00:00\",\"breadcrumb\":{\"@id\":\"https:\/\/pamenu.lt\/en\/privacy-policy\/#breadcrumb\"},\"inLanguage\":\"en-US\",\"potentialAction\":[{\"@type\":\"ReadAction\",\"target\":[\"https:\/\/pamenu.lt\/en\/privacy-policy\/\"]}]},{\"@type\":\"BreadcrumbList\",\"@id\":\"https:\/\/pamenu.lt\/en\/privacy-policy\/#breadcrumb\",\"itemListElement\":[{\"@type\":\"ListItem\",\"position\":1,\"name\":\"Home\",\"item\":\"https:\/\/pamenu.lt\/en\/\"},{\"@type\":\"ListItem\",\"position\":2,\"name\":\"Privacy policy\"}]},{\"@type\":\"WebSite\",\"@id\":\"https:\/\/pamenu.lt\/#website\",\"url\":\"https:\/\/pamenu.lt\/\",\"name\":\"Pamenu.lt\",\"description\":\"\",\"publisher\":{\"@id\":\"https:\/\/pamenu.lt\/#organization\"},\"potentialAction\":[{\"@type\":\"SearchAction\",\"target\":{\"@type\":\"EntryPoint\",\"urlTemplate\":\"https:\/\/pamenu.lt\/?s={search_term_string}\"},\"query-input\":{\"@type\":\"PropertyValueSpecification\",\"valueRequired\":true,\"valueName\":\"search_term_string\"}}],\"inLanguage\":\"en-US\"},{\"@type\":\"Organization\",\"@id\":\"https:\/\/pamenu.lt\/#organization\",\"name\":\"Pamenu.lt\",\"url\":\"https:\/\/pamenu.lt\/\",\"logo\":{\"@type\":\"ImageObject\",\"inLanguage\":\"en-US\",\"@id\":\"https:\/\/pamenu.lt\/#\/schema\/logo\/image\/\",\"url\":\"https:\/\/pamenu.lt\/wp-content\/uploads\/2023\/11\/logo.svg\",\"contentUrl\":\"https:\/\/pamenu.lt\/wp-content\/uploads\/2023\/11\/logo.svg\",\"width\":75,\"height\":91,\"caption\":\"Pamenu.lt\"},\"image\":{\"@id\":\"https:\/\/pamenu.lt\/#\/schema\/logo\/image\/\"},\"sameAs\":[\"https:\/\/www.facebook.com\/profile.php?id=100083084813647\"]}]}<\/script>\n<!-- \/ Yoast SEO plugin. -->","yoast_head_json":{"title":"Privacy policy - Pamenu.lt","robots":{"index":"index","follow":"follow","max-snippet":"max-snippet:-1","max-image-preview":"max-image-preview:large","max-video-preview":"max-video-preview:-1"},"canonical":"https:\/\/pamenu.lt\/en\/privacy-policy\/","og_locale":"en_US","og_type":"article","og_title":"Privacy policy - Pamenu.lt","og_description":"I. PRIVATUMO POLITIKA \u0160ioje privatumo politikoje apra\u0161ome, koki\u0105 informacij\u0105 renkame ir kaip j\u0105 naudojame. Taip pat informuojame, kad \u0161ioje elektronin\u0117je svetain\u0117je pateikt\u0105 informacij\u0105 draud\u017eiama kopijuoti ar kaip nors kitaip pernaudoti savo tikslams. RENKAMA INFORMACIJA Siekdami u\u017etikrinti kokybi\u0161k\u0105 paslaug\u0173 teikim\u0105 ir lengv\u0105 nar\u0161ym\u0105 m\u016bs\u0173 svetain\u0117je, mes galime rinkti, saugoti ir naudoti \u017eemiau nurodyt\u0173 r\u016b\u0161i\u0173 informacij\u0105: 1. [&hellip;]","og_url":"https:\/\/pamenu.lt\/en\/privacy-policy\/","og_site_name":"Pamenu.lt","article_publisher":"https:\/\/www.facebook.com\/profile.php?id=100083084813647","article_modified_time":"2023-11-04T11:24:58+00:00","twitter_card":"summary_large_image","twitter_misc":{"Est. reading time":"4 minutes"},"schema":{"@context":"https:\/\/schema.org","@graph":[{"@type":"WebPage","@id":"https:\/\/pamenu.lt\/en\/privacy-policy\/","url":"https:\/\/pamenu.lt\/en\/privacy-policy\/","name":"Privacy policy - Pamenu.lt","isPartOf":{"@id":"https:\/\/pamenu.lt\/#website"},"datePublished":"2023-10-18T10:05:48+00:00","dateModified":"2023-11-04T11:24:58+00:00","breadcrumb":{"@id":"https:\/\/pamenu.lt\/en\/privacy-policy\/#breadcrumb"},"inLanguage":"en-US","potentialAction":[{"@type":"ReadAction","target":["https:\/\/pamenu.lt\/en\/privacy-policy\/"]}]},{"@type":"BreadcrumbList","@id":"https:\/\/pamenu.lt\/en\/privacy-policy\/#breadcrumb","itemListElement":[{"@type":"ListItem","position":1,"name":"Home","item":"https:\/\/pamenu.lt\/en\/"},{"@type":"ListItem","position":2,"name":"Privacy policy"}]},{"@type":"WebSite","@id":"https:\/\/pamenu.lt\/#website","url":"https:\/\/pamenu.lt\/","name":"Pamenu.lt","description":"","publisher":{"@id":"https:\/\/pamenu.lt\/#organization"},"potentialAction":[{"@type":"SearchAction","target":{"@type":"EntryPoint","urlTemplate":"https:\/\/pamenu.lt\/?s={search_term_string}"},"query-input":{"@type":"PropertyValueSpecification","valueRequired":true,"valueName":"search_term_string"}}],"inLanguage":"en-US"},{"@type":"Organization","@id":"https:\/\/pamenu.lt\/#organization","name":"Pamenu.lt","url":"https:\/\/pamenu.lt\/","logo":{"@type":"ImageObject","inLanguage":"en-US","@id":"https:\/\/pamenu.lt\/#\/schema\/logo\/image\/","url":"https:\/\/pamenu.lt\/wp-content\/uploads\/2023\/11\/logo.svg","contentUrl":"https:\/\/pamenu.lt\/wp-content\/uploads\/2023\/11\/logo.svg","width":75,"height":91,"caption":"Pamenu.lt"},"image":{"@id":"https:\/\/pamenu.lt\/#\/schema\/logo\/image\/"},"sameAs":["https:\/\/www.facebook.com\/profile.php?id=100083084813647"]}]}},"_links":{"self":[{"href":"https:\/\/pamenu.lt\/en\/wp-json\/wp\/v2\/pages\/315","targetHints":{"allow":["GET"]}}],"collection":[{"href":"https:\/\/pamenu.lt\/en\/wp-json\/wp\/v2\/pages"}],"about":[{"href":"https:\/\/pamenu.lt\/en\/wp-json\/wp\/v2\/types\/page"}],"author":[{"embeddable":true,"href":"https:\/\/pamenu.lt\/en\/wp-json\/wp\/v2\/users\/1"}],"replies":[{"embeddable":true,"href":"https:\/\/pamenu.lt\/en\/wp-json\/wp\/v2\/comments?post=315"}],"version-history":[{"count":1,"href":"https:\/\/pamenu.lt\/en\/wp-json\/wp\/v2\/pages\/315\/revisions"}],"predecessor-version":[{"id":316,"href":"https:\/\/pamenu.lt\/en\/wp-json\/wp\/v2\/pages\/315\/revisions\/316"}],"wp:attachment":[{"href":"https:\/\/pamenu.lt\/en\/wp-json\/wp\/v2\/media?parent=315"}],"curies":[{"name":"wp","href":"https:\/\/api.w.org\/{rel}","templated":true}]}}