{"id":328,"date":"2023-10-18T13:54:16","date_gmt":"2023-10-18T13:54:16","guid":{"rendered":"https:\/\/pamenu.lt\/produktas\/kapavietes-atnaujinimas\/"},"modified":"2023-11-04T12:08:12","modified_gmt":"2023-11-04T12:08:12","slug":"renovation-of-a-grave-site","status":"publish","type":"product","link":"https:\/\/pamenu.lt\/en\/produktas\/renovation-of-a-grave-site\/","title":{"rendered":"Renovation of a grave site"},"content":{"rendered":"<p>\u012e kapaviet\u0117s atnaujinimo paslaug\u0105 \u012feina skaldos, mul\u010do keitimas; paminklo raid\u017ei\u0173 atnaujinimas; paminklo atnaujinimas; borteli\u0173 \u0161veitimas ir atnaujinimas.<\/p>\n","protected":false},"excerpt":{"rendered":"<p>The service includes replacing rubble and mulch; renewing the letters on the monument; renewing the monument; scrubbing and renewing the kerb.<\/p>\n","protected":false},"featured_media":260,"comment_status":"open","ping_status":"closed","template":"","meta":{"_acf_changed":false,"inline_featured_image":false},"product_brand":[],"product_cat":[51],"product_tag":[],"class_list":{"0":"post-328","1":"product","2":"type-product","3":"status-publish","4":"has-post-thumbnail","6":"product_cat-kapavieciu-atnaujinimas-ir-irengimas-en","8":"first","9":"instock","10":"virtual","11":"purchasable","12":"product-type-simple"},"acf":[],"yoast_head":"<!-- This site is optimized with the Yoast SEO plugin v26.7 - https:\/\/yoast.com\/wordpress\/plugins\/seo\/ -->\n<title>Renovation of a grave site - Pamenu.lt<\/title>\n<meta name=\"robots\" content=\"index, follow, max-snippet:-1, max-image-preview:large, max-video-preview:-1\" \/>\n<link rel=\"canonical\" href=\"https:\/\/pamenu.lt\/en\/produktas\/renovation-of-a-grave-site\/\" \/>\n<meta property=\"og:locale\" content=\"en_US\" \/>\n<meta property=\"og:type\" content=\"article\" \/>\n<meta property=\"og:title\" content=\"Renovation of a grave site - Pamenu.lt\" \/>\n<meta property=\"og:description\" content=\"The service includes replacing rubble and mulch; renewing the letters on the monument; renewing the monument; scrubbing and renewing the kerb.\" \/>\n<meta property=\"og:url\" content=\"https:\/\/pamenu.lt\/en\/produktas\/renovation-of-a-grave-site\/\" \/>\n<meta property=\"og:site_name\" content=\"Pamenu.lt\" \/>\n<meta property=\"article:publisher\" content=\"https:\/\/www.facebook.com\/profile.php?id=100083084813647\" \/>\n<meta property=\"article:modified_time\" content=\"2023-11-04T12:08:12+00:00\" \/>\n<meta property=\"og:image\" content=\"https:\/\/pamenu.lt\/wp-content\/uploads\/2023\/10\/Rectangle-223-3.jpg\" \/>\n\t<meta property=\"og:image:width\" content=\"1088\" \/>\n\t<meta property=\"og:image:height\" content=\"694\" \/>\n\t<meta property=\"og:image:type\" content=\"image\/jpeg\" \/>\n<meta name=\"twitter:card\" content=\"summary_large_image\" \/>\n<meta name=\"twitter:label1\" content=\"Est. reading time\" \/>\n\t<meta name=\"twitter:data1\" content=\"1 minute\" \/>\n<script type=\"application\/ld+json\" class=\"yoast-schema-graph\">{\"@context\":\"https:\/\/schema.org\",\"@graph\":[{\"@type\":\"WebPage\",\"@id\":\"https:\/\/pamenu.lt\/en\/produktas\/renovation-of-a-grave-site\/\",\"url\":\"https:\/\/pamenu.lt\/en\/produktas\/renovation-of-a-grave-site\/\",\"name\":\"Renovation of a grave site - Pamenu.lt\",\"isPartOf\":{\"@id\":\"https:\/\/pamenu.lt\/#website\"},\"primaryImageOfPage\":{\"@id\":\"https:\/\/pamenu.lt\/en\/produktas\/renovation-of-a-grave-site\/#primaryimage\"},\"image\":{\"@id\":\"https:\/\/pamenu.lt\/en\/produktas\/renovation-of-a-grave-site\/#primaryimage\"},\"thumbnailUrl\":\"https:\/\/pamenu.lt\/wp-content\/uploads\/2023\/10\/Rectangle-223-3.jpg\",\"datePublished\":\"2023-10-18T13:54:16+00:00\",\"dateModified\":\"2023-11-04T12:08:12+00:00\",\"breadcrumb\":{\"@id\":\"https:\/\/pamenu.lt\/en\/produktas\/renovation-of-a-grave-site\/#breadcrumb\"},\"inLanguage\":\"en-US\",\"potentialAction\":[{\"@type\":\"ReadAction\",\"target\":[\"https:\/\/pamenu.lt\/en\/produktas\/renovation-of-a-grave-site\/\"]}]},{\"@type\":\"ImageObject\",\"inLanguage\":\"en-US\",\"@id\":\"https:\/\/pamenu.lt\/en\/produktas\/renovation-of-a-grave-site\/#primaryimage\",\"url\":\"https:\/\/pamenu.lt\/wp-content\/uploads\/2023\/10\/Rectangle-223-3.jpg\",\"contentUrl\":\"https:\/\/pamenu.lt\/wp-content\/uploads\/2023\/10\/Rectangle-223-3.jpg\",\"width\":1088,\"height\":694},{\"@type\":\"BreadcrumbList\",\"@id\":\"https:\/\/pamenu.lt\/en\/produktas\/renovation-of-a-grave-site\/#breadcrumb\",\"itemListElement\":[{\"@type\":\"ListItem\",\"position\":1,\"name\":\"Home\",\"item\":\"https:\/\/pamenu.lt\/en\/\"},{\"@type\":\"ListItem\",\"position\":2,\"name\":\"Produktai\",\"item\":\"https:\/\/pamenu.lt\/parduotuve\/\"},{\"@type\":\"ListItem\",\"position\":3,\"name\":\"Renovation of a grave site\"}]},{\"@type\":\"WebSite\",\"@id\":\"https:\/\/pamenu.lt\/#website\",\"url\":\"https:\/\/pamenu.lt\/\",\"name\":\"Pamenu.lt\",\"description\":\"\",\"publisher\":{\"@id\":\"https:\/\/pamenu.lt\/#organization\"},\"potentialAction\":[{\"@type\":\"SearchAction\",\"target\":{\"@type\":\"EntryPoint\",\"urlTemplate\":\"https:\/\/pamenu.lt\/?s={search_term_string}\"},\"query-input\":{\"@type\":\"PropertyValueSpecification\",\"valueRequired\":true,\"valueName\":\"search_term_string\"}}],\"inLanguage\":\"en-US\"},{\"@type\":\"Organization\",\"@id\":\"https:\/\/pamenu.lt\/#organization\",\"name\":\"Pamenu.lt\",\"url\":\"https:\/\/pamenu.lt\/\",\"logo\":{\"@type\":\"ImageObject\",\"inLanguage\":\"en-US\",\"@id\":\"https:\/\/pamenu.lt\/#\/schema\/logo\/image\/\",\"url\":\"https:\/\/pamenu.lt\/wp-content\/uploads\/2023\/11\/logo.svg\",\"contentUrl\":\"https:\/\/pamenu.lt\/wp-content\/uploads\/2023\/11\/logo.svg\",\"width\":75,\"height\":91,\"caption\":\"Pamenu.lt\"},\"image\":{\"@id\":\"https:\/\/pamenu.lt\/#\/schema\/logo\/image\/\"},\"sameAs\":[\"https:\/\/www.facebook.com\/profile.php?id=100083084813647\"]}]}<\/script>\n<!-- \/ Yoast SEO plugin. -->","yoast_head_json":{"title":"Renovation of a grave site - Pamenu.lt","robots":{"index":"index","follow":"follow","max-snippet":"max-snippet:-1","max-image-preview":"max-image-preview:large","max-video-preview":"max-video-preview:-1"},"canonical":"https:\/\/pamenu.lt\/en\/produktas\/renovation-of-a-grave-site\/","og_locale":"en_US","og_type":"article","og_title":"Renovation of a grave site - Pamenu.lt","og_description":"The service includes replacing rubble and mulch; renewing the letters on the monument; renewing the monument; scrubbing and renewing the kerb.","og_url":"https:\/\/pamenu.lt\/en\/produktas\/renovation-of-a-grave-site\/","og_site_name":"Pamenu.lt","article_publisher":"https:\/\/www.facebook.com\/profile.php?id=100083084813647","article_modified_time":"2023-11-04T12:08:12+00:00","og_image":[{"width":1088,"height":694,"url":"https:\/\/pamenu.lt\/wp-content\/uploads\/2023\/10\/Rectangle-223-3.jpg","type":"image\/jpeg"}],"twitter_card":"summary_large_image","twitter_misc":{"Est. reading time":"1 minute"},"schema":{"@context":"https:\/\/schema.org","@graph":[{"@type":"WebPage","@id":"https:\/\/pamenu.lt\/en\/produktas\/renovation-of-a-grave-site\/","url":"https:\/\/pamenu.lt\/en\/produktas\/renovation-of-a-grave-site\/","name":"Renovation of a grave site - Pamenu.lt","isPartOf":{"@id":"https:\/\/pamenu.lt\/#website"},"primaryImageOfPage":{"@id":"https:\/\/pamenu.lt\/en\/produktas\/renovation-of-a-grave-site\/#primaryimage"},"image":{"@id":"https:\/\/pamenu.lt\/en\/produktas\/renovation-of-a-grave-site\/#primaryimage"},"thumbnailUrl":"https:\/\/pamenu.lt\/wp-content\/uploads\/2023\/10\/Rectangle-223-3.jpg","datePublished":"2023-10-18T13:54:16+00:00","dateModified":"2023-11-04T12:08:12+00:00","breadcrumb":{"@id":"https:\/\/pamenu.lt\/en\/produktas\/renovation-of-a-grave-site\/#breadcrumb"},"inLanguage":"en-US","potentialAction":[{"@type":"ReadAction","target":["https:\/\/pamenu.lt\/en\/produktas\/renovation-of-a-grave-site\/"]}]},{"@type":"ImageObject","inLanguage":"en-US","@id":"https:\/\/pamenu.lt\/en\/produktas\/renovation-of-a-grave-site\/#primaryimage","url":"https:\/\/pamenu.lt\/wp-content\/uploads\/2023\/10\/Rectangle-223-3.jpg","contentUrl":"https:\/\/pamenu.lt\/wp-content\/uploads\/2023\/10\/Rectangle-223-3.jpg","width":1088,"height":694},{"@type":"BreadcrumbList","@id":"https:\/\/pamenu.lt\/en\/produktas\/renovation-of-a-grave-site\/#breadcrumb","itemListElement":[{"@type":"ListItem","position":1,"name":"Home","item":"https:\/\/pamenu.lt\/en\/"},{"@type":"ListItem","position":2,"name":"Produktai","item":"https:\/\/pamenu.lt\/parduotuve\/"},{"@type":"ListItem","position":3,"name":"Renovation of a grave site"}]},{"@type":"WebSite","@id":"https:\/\/pamenu.lt\/#website","url":"https:\/\/pamenu.lt\/","name":"Pamenu.lt","description":"","publisher":{"@id":"https:\/\/pamenu.lt\/#organization"},"potentialAction":[{"@type":"SearchAction","target":{"@type":"EntryPoint","urlTemplate":"https:\/\/pamenu.lt\/?s={search_term_string}"},"query-input":{"@type":"PropertyValueSpecification","valueRequired":true,"valueName":"search_term_string"}}],"inLanguage":"en-US"},{"@type":"Organization","@id":"https:\/\/pamenu.lt\/#organization","name":"Pamenu.lt","url":"https:\/\/pamenu.lt\/","logo":{"@type":"ImageObject","inLanguage":"en-US","@id":"https:\/\/pamenu.lt\/#\/schema\/logo\/image\/","url":"https:\/\/pamenu.lt\/wp-content\/uploads\/2023\/11\/logo.svg","contentUrl":"https:\/\/pamenu.lt\/wp-content\/uploads\/2023\/11\/logo.svg","width":75,"height":91,"caption":"Pamenu.lt"},"image":{"@id":"https:\/\/pamenu.lt\/#\/schema\/logo\/image\/"},"sameAs":["https:\/\/www.facebook.com\/profile.php?id=100083084813647"]}]}},"_links":{"self":[{"href":"https:\/\/pamenu.lt\/en\/wp-json\/wp\/v2\/product\/328","targetHints":{"allow":["GET"]}}],"collection":[{"href":"https:\/\/pamenu.lt\/en\/wp-json\/wp\/v2\/product"}],"about":[{"href":"https:\/\/pamenu.lt\/en\/wp-json\/wp\/v2\/types\/product"}],"replies":[{"embeddable":true,"href":"https:\/\/pamenu.lt\/en\/wp-json\/wp\/v2\/comments?post=328"}],"wp:featuredmedia":[{"embeddable":true,"href":"https:\/\/pamenu.lt\/en\/wp-json\/wp\/v2\/media\/260"}],"wp:attachment":[{"href":"https:\/\/pamenu.lt\/en\/wp-json\/wp\/v2\/media?parent=328"}],"wp:term":[{"taxonomy":"product_brand","embeddable":true,"href":"https:\/\/pamenu.lt\/en\/wp-json\/wp\/v2\/product_brand?post=328"},{"taxonomy":"product_cat","embeddable":true,"href":"https:\/\/pamenu.lt\/en\/wp-json\/wp\/v2\/product_cat?post=328"},{"taxonomy":"product_tag","embeddable":true,"href":"https:\/\/pamenu.lt\/en\/wp-json\/wp\/v2\/product_tag?post=328"}],"curies":[{"name":"wp","href":"https:\/\/api.w.org\/{rel}","templated":true}]}}