{"id":329,"date":"2023-10-18T13:54:56","date_gmt":"2023-10-18T13:54:56","guid":{"rendered":"https:\/\/pamenu.lt\/produktas\/naujos-kapavietes-irengimas\/"},"modified":"2023-11-04T12:08:51","modified_gmt":"2023-11-04T12:08:51","slug":"installation-of-a-new-burial-site","status":"publish","type":"product","link":"https:\/\/pamenu.lt\/en\/produktas\/installation-of-a-new-burial-site\/","title":{"rendered":"Installation of a new burial site"},"content":{"rendered":"<p>\u012e kapaviet\u0117s \u012frengimo darbus \u012feina viskas nuo A iki Z. Pamat\u0173 betonavimas, paminklo statymas, granito plok\u010di\u0173 dengimas, raid\u017ei\u0173 kalimas\/klijavimas, dekoravimas skalda\/ mul\u010du\/ sm\u0117liu, augal\u0173 sodinimas.<\/p>\n","protected":false},"excerpt":{"rendered":"<p>The installation of a grave includes everything from A to Z. Concreting the foundations, erecting the monument, covering the granite slabs, hammering\/gluing the letters, decorating with crushed stone\/mulch\/sand, planting plants.<\/p>\n","protected":false},"featured_media":575,"comment_status":"open","ping_status":"closed","template":"","meta":{"_acf_changed":false,"inline_featured_image":false},"product_brand":[],"product_cat":[51],"product_tag":[],"class_list":{"0":"post-329","1":"product","2":"type-product","3":"status-publish","4":"has-post-thumbnail","6":"product_cat-kapavieciu-atnaujinimas-ir-irengimas-en","8":"first","9":"instock","10":"virtual","11":"purchasable","12":"product-type-simple"},"acf":[],"yoast_head":"<!-- This site is optimized with the Yoast SEO plugin v26.7 - https:\/\/yoast.com\/wordpress\/plugins\/seo\/ -->\n<title>Installation of a new burial site - Pamenu.lt<\/title>\n<meta name=\"robots\" content=\"index, follow, max-snippet:-1, max-image-preview:large, max-video-preview:-1\" \/>\n<link rel=\"canonical\" href=\"https:\/\/pamenu.lt\/en\/produktas\/installation-of-a-new-burial-site\/\" \/>\n<meta property=\"og:locale\" content=\"en_US\" \/>\n<meta property=\"og:type\" content=\"article\" \/>\n<meta property=\"og:title\" content=\"Installation of a new burial site - Pamenu.lt\" \/>\n<meta property=\"og:description\" content=\"The installation of a grave includes everything from A to Z. Concreting the foundations, erecting the monument, covering the granite slabs, hammering\/gluing the letters, decorating with crushed stone\/mulch\/sand, planting plants.\" \/>\n<meta property=\"og:url\" content=\"https:\/\/pamenu.lt\/en\/produktas\/installation-of-a-new-burial-site\/\" \/>\n<meta property=\"og:site_name\" content=\"Pamenu.lt\" \/>\n<meta property=\"article:publisher\" content=\"https:\/\/www.facebook.com\/profile.php?id=100083084813647\" \/>\n<meta property=\"article:modified_time\" content=\"2023-11-04T12:08:51+00:00\" \/>\n<meta property=\"og:image\" content=\"https:\/\/pamenu.lt\/wp-content\/uploads\/2023\/10\/Rectangle-223-4.jpg\" \/>\n\t<meta property=\"og:image:width\" content=\"544\" \/>\n\t<meta property=\"og:image:height\" content=\"347\" \/>\n\t<meta property=\"og:image:type\" content=\"image\/jpeg\" \/>\n<meta name=\"twitter:card\" content=\"summary_large_image\" \/>\n<meta name=\"twitter:label1\" content=\"Est. reading time\" \/>\n\t<meta name=\"twitter:data1\" content=\"1 minute\" \/>\n<script type=\"application\/ld+json\" class=\"yoast-schema-graph\">{\"@context\":\"https:\/\/schema.org\",\"@graph\":[{\"@type\":\"WebPage\",\"@id\":\"https:\/\/pamenu.lt\/en\/produktas\/installation-of-a-new-burial-site\/\",\"url\":\"https:\/\/pamenu.lt\/en\/produktas\/installation-of-a-new-burial-site\/\",\"name\":\"Installation of a new burial site - Pamenu.lt\",\"isPartOf\":{\"@id\":\"https:\/\/pamenu.lt\/#website\"},\"primaryImageOfPage\":{\"@id\":\"https:\/\/pamenu.lt\/en\/produktas\/installation-of-a-new-burial-site\/#primaryimage\"},\"image\":{\"@id\":\"https:\/\/pamenu.lt\/en\/produktas\/installation-of-a-new-burial-site\/#primaryimage\"},\"thumbnailUrl\":\"https:\/\/pamenu.lt\/wp-content\/uploads\/2023\/10\/IMG_50111.jpg\",\"datePublished\":\"2023-10-18T13:54:56+00:00\",\"dateModified\":\"2023-11-04T12:08:51+00:00\",\"breadcrumb\":{\"@id\":\"https:\/\/pamenu.lt\/en\/produktas\/installation-of-a-new-burial-site\/#breadcrumb\"},\"inLanguage\":\"en-US\",\"potentialAction\":[{\"@type\":\"ReadAction\",\"target\":[\"https:\/\/pamenu.lt\/en\/produktas\/installation-of-a-new-burial-site\/\"]}]},{\"@type\":\"ImageObject\",\"inLanguage\":\"en-US\",\"@id\":\"https:\/\/pamenu.lt\/en\/produktas\/installation-of-a-new-burial-site\/#primaryimage\",\"url\":\"https:\/\/pamenu.lt\/wp-content\/uploads\/2023\/10\/IMG_50111.jpg\",\"contentUrl\":\"https:\/\/pamenu.lt\/wp-content\/uploads\/2023\/10\/IMG_50111.jpg\",\"width\":1600,\"height\":1200},{\"@type\":\"BreadcrumbList\",\"@id\":\"https:\/\/pamenu.lt\/en\/produktas\/installation-of-a-new-burial-site\/#breadcrumb\",\"itemListElement\":[{\"@type\":\"ListItem\",\"position\":1,\"name\":\"Home\",\"item\":\"https:\/\/pamenu.lt\/en\/\"},{\"@type\":\"ListItem\",\"position\":2,\"name\":\"Produktai\",\"item\":\"https:\/\/pamenu.lt\/parduotuve\/\"},{\"@type\":\"ListItem\",\"position\":3,\"name\":\"Installation of a new burial site\"}]},{\"@type\":\"WebSite\",\"@id\":\"https:\/\/pamenu.lt\/#website\",\"url\":\"https:\/\/pamenu.lt\/\",\"name\":\"Pamenu.lt\",\"description\":\"\",\"publisher\":{\"@id\":\"https:\/\/pamenu.lt\/#organization\"},\"potentialAction\":[{\"@type\":\"SearchAction\",\"target\":{\"@type\":\"EntryPoint\",\"urlTemplate\":\"https:\/\/pamenu.lt\/?s={search_term_string}\"},\"query-input\":{\"@type\":\"PropertyValueSpecification\",\"valueRequired\":true,\"valueName\":\"search_term_string\"}}],\"inLanguage\":\"en-US\"},{\"@type\":\"Organization\",\"@id\":\"https:\/\/pamenu.lt\/#organization\",\"name\":\"Pamenu.lt\",\"url\":\"https:\/\/pamenu.lt\/\",\"logo\":{\"@type\":\"ImageObject\",\"inLanguage\":\"en-US\",\"@id\":\"https:\/\/pamenu.lt\/#\/schema\/logo\/image\/\",\"url\":\"https:\/\/pamenu.lt\/wp-content\/uploads\/2023\/11\/logo.svg\",\"contentUrl\":\"https:\/\/pamenu.lt\/wp-content\/uploads\/2023\/11\/logo.svg\",\"width\":75,\"height\":91,\"caption\":\"Pamenu.lt\"},\"image\":{\"@id\":\"https:\/\/pamenu.lt\/#\/schema\/logo\/image\/\"},\"sameAs\":[\"https:\/\/www.facebook.com\/profile.php?id=100083084813647\"]}]}<\/script>\n<!-- \/ Yoast SEO plugin. -->","yoast_head_json":{"title":"Installation of a new burial site - Pamenu.lt","robots":{"index":"index","follow":"follow","max-snippet":"max-snippet:-1","max-image-preview":"max-image-preview:large","max-video-preview":"max-video-preview:-1"},"canonical":"https:\/\/pamenu.lt\/en\/produktas\/installation-of-a-new-burial-site\/","og_locale":"en_US","og_type":"article","og_title":"Installation of a new burial site - Pamenu.lt","og_description":"The installation of a grave includes everything from A to Z. Concreting the foundations, erecting the monument, covering the granite slabs, hammering\/gluing the letters, decorating with crushed stone\/mulch\/sand, planting plants.","og_url":"https:\/\/pamenu.lt\/en\/produktas\/installation-of-a-new-burial-site\/","og_site_name":"Pamenu.lt","article_publisher":"https:\/\/www.facebook.com\/profile.php?id=100083084813647","article_modified_time":"2023-11-04T12:08:51+00:00","og_image":[{"width":544,"height":347,"url":"https:\/\/pamenu.lt\/wp-content\/uploads\/2023\/10\/Rectangle-223-4.jpg","type":"image\/jpeg"}],"twitter_card":"summary_large_image","twitter_misc":{"Est. reading time":"1 minute"},"schema":{"@context":"https:\/\/schema.org","@graph":[{"@type":"WebPage","@id":"https:\/\/pamenu.lt\/en\/produktas\/installation-of-a-new-burial-site\/","url":"https:\/\/pamenu.lt\/en\/produktas\/installation-of-a-new-burial-site\/","name":"Installation of a new burial site - Pamenu.lt","isPartOf":{"@id":"https:\/\/pamenu.lt\/#website"},"primaryImageOfPage":{"@id":"https:\/\/pamenu.lt\/en\/produktas\/installation-of-a-new-burial-site\/#primaryimage"},"image":{"@id":"https:\/\/pamenu.lt\/en\/produktas\/installation-of-a-new-burial-site\/#primaryimage"},"thumbnailUrl":"https:\/\/pamenu.lt\/wp-content\/uploads\/2023\/10\/IMG_50111.jpg","datePublished":"2023-10-18T13:54:56+00:00","dateModified":"2023-11-04T12:08:51+00:00","breadcrumb":{"@id":"https:\/\/pamenu.lt\/en\/produktas\/installation-of-a-new-burial-site\/#breadcrumb"},"inLanguage":"en-US","potentialAction":[{"@type":"ReadAction","target":["https:\/\/pamenu.lt\/en\/produktas\/installation-of-a-new-burial-site\/"]}]},{"@type":"ImageObject","inLanguage":"en-US","@id":"https:\/\/pamenu.lt\/en\/produktas\/installation-of-a-new-burial-site\/#primaryimage","url":"https:\/\/pamenu.lt\/wp-content\/uploads\/2023\/10\/IMG_50111.jpg","contentUrl":"https:\/\/pamenu.lt\/wp-content\/uploads\/2023\/10\/IMG_50111.jpg","width":1600,"height":1200},{"@type":"BreadcrumbList","@id":"https:\/\/pamenu.lt\/en\/produktas\/installation-of-a-new-burial-site\/#breadcrumb","itemListElement":[{"@type":"ListItem","position":1,"name":"Home","item":"https:\/\/pamenu.lt\/en\/"},{"@type":"ListItem","position":2,"name":"Produktai","item":"https:\/\/pamenu.lt\/parduotuve\/"},{"@type":"ListItem","position":3,"name":"Installation of a new burial site"}]},{"@type":"WebSite","@id":"https:\/\/pamenu.lt\/#website","url":"https:\/\/pamenu.lt\/","name":"Pamenu.lt","description":"","publisher":{"@id":"https:\/\/pamenu.lt\/#organization"},"potentialAction":[{"@type":"SearchAction","target":{"@type":"EntryPoint","urlTemplate":"https:\/\/pamenu.lt\/?s={search_term_string}"},"query-input":{"@type":"PropertyValueSpecification","valueRequired":true,"valueName":"search_term_string"}}],"inLanguage":"en-US"},{"@type":"Organization","@id":"https:\/\/pamenu.lt\/#organization","name":"Pamenu.lt","url":"https:\/\/pamenu.lt\/","logo":{"@type":"ImageObject","inLanguage":"en-US","@id":"https:\/\/pamenu.lt\/#\/schema\/logo\/image\/","url":"https:\/\/pamenu.lt\/wp-content\/uploads\/2023\/11\/logo.svg","contentUrl":"https:\/\/pamenu.lt\/wp-content\/uploads\/2023\/11\/logo.svg","width":75,"height":91,"caption":"Pamenu.lt"},"image":{"@id":"https:\/\/pamenu.lt\/#\/schema\/logo\/image\/"},"sameAs":["https:\/\/www.facebook.com\/profile.php?id=100083084813647"]}]}},"_links":{"self":[{"href":"https:\/\/pamenu.lt\/en\/wp-json\/wp\/v2\/product\/329","targetHints":{"allow":["GET"]}}],"collection":[{"href":"https:\/\/pamenu.lt\/en\/wp-json\/wp\/v2\/product"}],"about":[{"href":"https:\/\/pamenu.lt\/en\/wp-json\/wp\/v2\/types\/product"}],"replies":[{"embeddable":true,"href":"https:\/\/pamenu.lt\/en\/wp-json\/wp\/v2\/comments?post=329"}],"wp:featuredmedia":[{"embeddable":true,"href":"https:\/\/pamenu.lt\/en\/wp-json\/wp\/v2\/media\/575"}],"wp:attachment":[{"href":"https:\/\/pamenu.lt\/en\/wp-json\/wp\/v2\/media?parent=329"}],"wp:term":[{"taxonomy":"product_brand","embeddable":true,"href":"https:\/\/pamenu.lt\/en\/wp-json\/wp\/v2\/product_brand?post=329"},{"taxonomy":"product_cat","embeddable":true,"href":"https:\/\/pamenu.lt\/en\/wp-json\/wp\/v2\/product_cat?post=329"},{"taxonomy":"product_tag","embeddable":true,"href":"https:\/\/pamenu.lt\/en\/wp-json\/wp\/v2\/product_tag?post=329"}],"curies":[{"name":"wp","href":"https:\/\/api.w.org\/{rel}","templated":true}]}}